{"id":59,"date":"2021-09-29T12:27:33","date_gmt":"2021-09-29T10:27:33","guid":{"rendered":"https:\/\/therapieparlejeu.org\/?page_id=59"},"modified":"2026-01-19T22:53:34","modified_gmt":"2026-01-19T21:53:34","slug":"contact","status":"publish","type":"page","link":"https:\/\/therapieparlejeu.org\/index.php\/contact\/","title":{"rendered":"Contact"},"content":{"rendered":"\r\n<p>La formation est assur\u00e9e par l&#8217;organisme de formation Les Consultantes, accr\u00e9dit\u00e9 par <a href=\"https:\/\/playtherapy.org\/\">PTI<\/a>, et a lieu \u00e0 Paris.\u00a0<\/p>\r\n<p>\r\n\r\n<\/p>\r\n<p><strong>Nous contacter :<\/strong> par email <strong>info@therapieparlejeu.org<\/strong> ou par t\u00e9l\u00e9phone au <strong>0183644651<\/strong> pour obtenir plus d&#8217;informations.<\/p>\r\n<p><strong>Vous inscrire:<\/strong> vous pouvez <a href=\"http:\/\/therapieparlejeu.org\/wp-content\/uploads\/2026\/01\/Formulaire-candidature-26.pdf\">t\u00e9l\u00e9charger le formulaire de candidature<\/a> (sans engagement) et nous le renvoyer \u00e0 info@therapieparlejeu.org. Votre candidature sera alors \u00e9tudi\u00e9e par APAC pour Play Therapy International, afin de valider ou non cette candidature. (<a href=\"https:\/\/therapieparlejeu.org\/index.php\/programme-de-la-formation-en-therapie-par-le-jeu\/\">Voir pr\u00e9requis<\/a>).\u00a0<\/p>\r\n","protected":false},"excerpt":{"rendered":"<p>La formation est assur\u00e9e par l&#8217;organisme de formation Les Consultantes, accr\u00e9dit\u00e9 par PTI, et a lieu \u00e0 Paris.\u00a0 Nous contacter : par email info@therapieparlejeu.org ou par t\u00e9l\u00e9phone au 0183644651 pour obtenir plus d&#8217;informations. Vous inscrire: vous pouvez t\u00e9l\u00e9charger le formulaire &hellip; <\/p>\n","protected":false},"author":1,"featured_media":0,"parent":0,"menu_order":0,"comment_status":"closed","ping_status":"closed","template":"","meta":[],"yoast_head":"<!-- This site is optimized with the Yoast SEO plugin v18.0 - https:\/\/yoast.com\/wordpress\/plugins\/seo\/ -->\n<title>Contact - Formation Th\u00e9rapie par le jeu France<\/title>\n<meta name=\"description\" content=\"Pour obtenir des renseignements ou vous inscrire \u00e0 la formation en th\u00e9rapie par le jeu, contactez-nous par t\u00e9l\u00e9phone ou en remplissant le formulaire.\" \/>\n<meta name=\"robots\" content=\"index, follow, max-snippet:-1, max-image-preview:large, max-video-preview:-1\" \/>\n<link rel=\"canonical\" href=\"https:\/\/therapieparlejeu.org\/index.php\/contact\/\" \/>\n<meta property=\"og:locale\" content=\"en_US\" \/>\n<meta property=\"og:type\" content=\"article\" \/>\n<meta property=\"og:title\" content=\"Contact - Formation Th\u00e9rapie par le jeu France\" \/>\n<meta property=\"og:description\" content=\"Pour obtenir des renseignements ou vous inscrire \u00e0 la formation en th\u00e9rapie par le jeu, contactez-nous par t\u00e9l\u00e9phone ou en remplissant le formulaire.\" \/>\n<meta property=\"og:url\" content=\"https:\/\/therapieparlejeu.org\/index.php\/contact\/\" \/>\n<meta property=\"og:site_name\" content=\"Formation Th\u00e9rapie par le jeu France\" \/>\n<meta property=\"article:modified_time\" content=\"2026-01-19T21:53:34+00:00\" \/>\n<meta name=\"twitter:card\" content=\"summary_large_image\" \/>\n<script type=\"application\/ld+json\" class=\"yoast-schema-graph\">{\"@context\":\"https:\/\/schema.org\",\"@graph\":[{\"@type\":\"WebSite\",\"@id\":\"https:\/\/therapieparlejeu.org\/#website\",\"url\":\"https:\/\/therapieparlejeu.org\/\",\"name\":\"Formation Th\u00e9rapie par le jeu France\",\"description\":\"\",\"potentialAction\":[{\"@type\":\"SearchAction\",\"target\":{\"@type\":\"EntryPoint\",\"urlTemplate\":\"https:\/\/therapieparlejeu.org\/?s={search_term_string}\"},\"query-input\":\"required name=search_term_string\"}],\"inLanguage\":\"en-US\"},{\"@type\":\"WebPage\",\"@id\":\"https:\/\/therapieparlejeu.org\/index.php\/contact\/#webpage\",\"url\":\"https:\/\/therapieparlejeu.org\/index.php\/contact\/\",\"name\":\"Contact - Formation Th\u00e9rapie par le jeu France\",\"isPartOf\":{\"@id\":\"https:\/\/therapieparlejeu.org\/#website\"},\"datePublished\":\"2021-09-29T10:27:33+00:00\",\"dateModified\":\"2026-01-19T21:53:34+00:00\",\"description\":\"Pour obtenir des renseignements ou vous inscrire \u00e0 la formation en th\u00e9rapie par le jeu, contactez-nous par t\u00e9l\u00e9phone ou en remplissant le formulaire.\",\"breadcrumb\":{\"@id\":\"https:\/\/therapieparlejeu.org\/index.php\/contact\/#breadcrumb\"},\"inLanguage\":\"en-US\",\"potentialAction\":[{\"@type\":\"ReadAction\",\"target\":[\"https:\/\/therapieparlejeu.org\/index.php\/contact\/\"]}]},{\"@type\":\"BreadcrumbList\",\"@id\":\"https:\/\/therapieparlejeu.org\/index.php\/contact\/#breadcrumb\",\"itemListElement\":[{\"@type\":\"ListItem\",\"position\":1,\"name\":\"Accueil\",\"item\":\"https:\/\/therapieparlejeu.org\/\"},{\"@type\":\"ListItem\",\"position\":2,\"name\":\"Contact\"}]}]}<\/script>\n<!-- \/ Yoast SEO plugin. -->","yoast_head_json":{"title":"Contact - Formation Th\u00e9rapie par le jeu France","description":"Pour obtenir des renseignements ou vous inscrire \u00e0 la formation en th\u00e9rapie par le jeu, contactez-nous par t\u00e9l\u00e9phone ou en remplissant le formulaire.","robots":{"index":"index","follow":"follow","max-snippet":"max-snippet:-1","max-image-preview":"max-image-preview:large","max-video-preview":"max-video-preview:-1"},"canonical":"https:\/\/therapieparlejeu.org\/index.php\/contact\/","og_locale":"en_US","og_type":"article","og_title":"Contact - Formation Th\u00e9rapie par le jeu France","og_description":"Pour obtenir des renseignements ou vous inscrire \u00e0 la formation en th\u00e9rapie par le jeu, contactez-nous par t\u00e9l\u00e9phone ou en remplissant le formulaire.","og_url":"https:\/\/therapieparlejeu.org\/index.php\/contact\/","og_site_name":"Formation Th\u00e9rapie par le jeu France","article_modified_time":"2026-01-19T21:53:34+00:00","twitter_card":"summary_large_image","schema":{"@context":"https:\/\/schema.org","@graph":[{"@type":"WebSite","@id":"https:\/\/therapieparlejeu.org\/#website","url":"https:\/\/therapieparlejeu.org\/","name":"Formation Th\u00e9rapie par le jeu France","description":"","potentialAction":[{"@type":"SearchAction","target":{"@type":"EntryPoint","urlTemplate":"https:\/\/therapieparlejeu.org\/?s={search_term_string}"},"query-input":"required name=search_term_string"}],"inLanguage":"en-US"},{"@type":"WebPage","@id":"https:\/\/therapieparlejeu.org\/index.php\/contact\/#webpage","url":"https:\/\/therapieparlejeu.org\/index.php\/contact\/","name":"Contact - Formation Th\u00e9rapie par le jeu France","isPartOf":{"@id":"https:\/\/therapieparlejeu.org\/#website"},"datePublished":"2021-09-29T10:27:33+00:00","dateModified":"2026-01-19T21:53:34+00:00","description":"Pour obtenir des renseignements ou vous inscrire \u00e0 la formation en th\u00e9rapie par le jeu, contactez-nous par t\u00e9l\u00e9phone ou en remplissant le formulaire.","breadcrumb":{"@id":"https:\/\/therapieparlejeu.org\/index.php\/contact\/#breadcrumb"},"inLanguage":"en-US","potentialAction":[{"@type":"ReadAction","target":["https:\/\/therapieparlejeu.org\/index.php\/contact\/"]}]},{"@type":"BreadcrumbList","@id":"https:\/\/therapieparlejeu.org\/index.php\/contact\/#breadcrumb","itemListElement":[{"@type":"ListItem","position":1,"name":"Accueil","item":"https:\/\/therapieparlejeu.org\/"},{"@type":"ListItem","position":2,"name":"Contact"}]}]}},"_links":{"self":[{"href":"https:\/\/therapieparlejeu.org\/index.php\/wp-json\/wp\/v2\/pages\/59"}],"collection":[{"href":"https:\/\/therapieparlejeu.org\/index.php\/wp-json\/wp\/v2\/pages"}],"about":[{"href":"https:\/\/therapieparlejeu.org\/index.php\/wp-json\/wp\/v2\/types\/page"}],"author":[{"embeddable":true,"href":"https:\/\/therapieparlejeu.org\/index.php\/wp-json\/wp\/v2\/users\/1"}],"replies":[{"embeddable":true,"href":"https:\/\/therapieparlejeu.org\/index.php\/wp-json\/wp\/v2\/comments?post=59"}],"version-history":[{"count":14,"href":"https:\/\/therapieparlejeu.org\/index.php\/wp-json\/wp\/v2\/pages\/59\/revisions"}],"predecessor-version":[{"id":867,"href":"https:\/\/therapieparlejeu.org\/index.php\/wp-json\/wp\/v2\/pages\/59\/revisions\/867"}],"wp:attachment":[{"href":"https:\/\/therapieparlejeu.org\/index.php\/wp-json\/wp\/v2\/media?parent=59"}],"curies":[{"name":"wp","href":"https:\/\/api.w.org\/{rel}","templated":true}]}}