{"id":528,"date":"2022-11-25T10:38:00","date_gmt":"2022-11-25T09:38:00","guid":{"rendered":"http:\/\/therapieparlejeu.org\/?page_id=528"},"modified":"2025-09-09T23:09:55","modified_gmt":"2025-09-09T21:09:55","slug":"presentation","status":"publish","type":"page","link":"https:\/\/therapieparlejeu.org\/index.php\/presentation\/","title":{"rendered":"Pr\u00e9sentation"},"content":{"rendered":"<h2><\/h2>\n<h3 class=\"elementor-widget-container\"><strong>D\u00e9couvrez ce qu&#8217;est la th\u00e9rapie par le jeu:<\/strong><\/h3>\n<p>&nbsp;<\/p>\n<div class=\"elementor-element elementor-element-e85c80d elementor-widget elementor-widget-heading\" data-id=\"e85c80d\" data-element_type=\"widget\" data-widget_type=\"heading.default\">\n<h4 class=\"elementor-widget-container\"><strong style=\"color: #ff6600;\">Qu\u2019est-ce que la th\u00e9rapie par le jeu ?<\/strong><\/h4>\n<\/div>\n<section class=\"elementor-section elementor-inner-section elementor-element elementor-element-c99a506 elementor-section-boxed elementor-section-height-default elementor-section-height-default\" data-id=\"c99a506\" data-element_type=\"section\">\n<div class=\"elementor-container elementor-column-gap-no\">\n<div class=\"elementor-column elementor-col-50 elementor-inner-column elementor-element elementor-element-b7ed576\" data-id=\"b7ed576\" data-element_type=\"column\">\n<div class=\"elementor-widget-wrap elementor-element-populated\">\n<div class=\"elementor-element elementor-element-bbc89ed elementor-widget elementor-widget-text-editor\" data-id=\"bbc89ed\" data-element_type=\"widget\" data-widget_type=\"text-editor.default\">\n<div class=\"elementor-widget-container\">\n<p>La th\u00e9rapie par le jeu (ludoth\u00e9rapie) utilise le jeu et les arts cr\u00e9atifs comme moyen de communication principal avec l\u2019enfant, afin de lui permettre de faire face \u00e0 ses exp\u00e9riences traumatiques ou pr\u00e9occupantes. La th\u00e9rapie par le jeu est d\u00e9j\u00e0 pratiqu\u00e9e dans plus de 30 pays dans le monde.<\/p>\n<p>En effet, grandir peut \u00eatre source de tensions lorsque le d\u00e9veloppement serein et naturel de l\u2019enfant est perturb\u00e9. La vie de l\u2019enfant peut \u00eatre \u00e9galement fortement r\u00e9gul\u00e9e et contr\u00f4l\u00e9e ou \u00e0 l\u2019extr\u00eame inverse, sans limites. Les vies familiale et scolaire peuvent en \u00eatre ainsi affect\u00e9es avec des conflits accentu\u00e9s, des capacit\u00e9s de concentration et d\u2019apprentissage frein\u00e9es et des relations sociales non ma\u00eetris\u00e9es. Plus l\u2019enfant est jeune, moins les formes de th\u00e9rapies \u2018parl\u00e9es\u2019 fonctionnent. La th\u00e9rapie par le jeu permet ainsi \u00e0 l\u2019enfant de reconna\u00eetre ses sentiments et \u00e9motions et de les g\u00e9rer de mani\u00e8re constructive, car le jeu lui permet d\u2019y mettre des mots : les \u2018paroles\u2019 du jeu. Quand l\u2019enfant \u2018joue\u2019 son probl\u00e8me, cela l\u2019aide \u00e0 rel\u00e2cher les tensions internes accumul\u00e9es.<\/p>\n<p>Cette th\u00e9rapie reconna\u00eet l\u2019importance du jeu qui est intrins\u00e8quement li\u00e9 au\u00a0d\u00e9veloppement physique, \u00e9motionnel et social de l\u2019enfant et qui favorise\u00a0l\u2019imagination, la cr\u00e9ativit\u00e9, la confiance en soi et la concentration. Elle centre son\u00a0approche autour de l\u2019enfant afin de lib\u00e9rer son pouvoir interne, pour qu\u2019il d\u00e9veloppe\u00a0sa r\u00e9silience en explorant ses forces et ressources, \u00eatre en charge de sa vie et\u00a0accepter ainsi ce qui ne peut \u00eatre imm\u00e9diatement chang\u00e9 autour de lui.<\/p>\n<h4><span style=\"color: #ff6600;\"><strong>Une session de th\u00e9rapie par le jeu<\/strong><\/span><\/h4>\n<p><img decoding=\"async\" loading=\"lazy\" class=\"size-full wp-image-810 alignleft\" src=\"http:\/\/therapieparlejeu.org\/wp-content\/uploads\/2025\/09\/carretherapy.png\" alt=\"\" width=\"150\" height=\"150\" srcset=\"https:\/\/therapieparlejeu.org\/wp-content\/uploads\/2025\/09\/carretherapy.png 150w, https:\/\/therapieparlejeu.org\/wp-content\/uploads\/2025\/09\/carretherapy-60x60.png 60w\" sizes=\"(max-width: 150px) 100vw, 150px\" \/>La th\u00e9rapeute par le jeu accueille l\u2019enfant dans une salle de jeu dans laquelle il peut s\u2019exprimer \u00e0 travers toute une <a href=\"http:\/\/therapieparlejeu.org\/index.php\/media-creatifs\/\">palette de m\u00e9dias cr\u00e9atifs. <\/a>Elle propose son expertise bas\u00e9e sur des comp\u00e9tences sp\u00e9cifiques pour\u00a0construire la capacit\u00e9 d\u2019un enfant \u00e0 d\u00e9velopper des relations saines et r\u00e9silientes. Le\u00a0temps pass\u00e9 entre l\u2019enfant et la th\u00e9rapeute peut \u00eatre qualifi\u00e9 de \u2018Moment Privil\u00e9gi\u00e9\u2019\u00a0car la th\u00e9rapie par le jeu :<br \/>\n&#8211; Ne dirige pas l\u2019enfant : l\u2019enfant m\u00e8ne le processus et la th\u00e9rapeute le suit et\u00a0l\u2019encadre<br \/>\n&#8211; Ne juge pas\u00a0: il n\u2019y a pas de \u2018bien\u2019 ou de \u2018mal\u2019, l\u2019enfant est accept\u00e9 pour ce qu\u2019il est<br \/>\n&#8211; N\u2019interpr\u00e8te pas le processus men\u00e9 par l\u2019enfant mais le refl\u00e8te.<\/p>\n<p>Ce moment offre \u00e0 l\u2019enfant la possibilit\u00e9 de prendre ses responsabilit\u00e9s en faisant des\u00a0choix et en exprimant ses \u00e9motions librement; en \u00e9tant accept\u00e9 de fa\u00e7on\u00a0inconditionnelle; en respectant ses \u00e9motions les plus profondes. Ce sont pour ces\u00a0raisons que le jeu n\u2019est pas interpr\u00e9t\u00e9 et les jugements sont absents dans cette\u00a0approche. Ces libert\u00e9s ne peuvent \u00eatre obtenues et permises que dans un cadre fort\u00a0et solide. La th\u00e9rapeute est responsable de la s\u00e9curit\u00e9 de l\u2019enfant, la sienne et celle de<br \/>\nleur environnement.<\/p>\n<p>C\u2019est dans ce cadre bien d\u00e9lin\u00e9\u00e9 de la session que la libert\u00e9 de l\u2019enfant prend tout son\u00a0sens. Les limites de temps sont \u00e9galement importantes pour que l\u2019enfant se sente en\u00a0s\u00e9curit\u00e9. Une session a donc un d\u00e9but et une fin mais le temps de la session devient\u00a0intemporel car l\u2019enfant d\u00e9ploie son imagination qui l\u2019emm\u00e8ne \u00e0 explorer et \u00e0 recr\u00e9er\u00a0des exp\u00e9riences dans son monde \u00e0 lui.<\/p>\n<h4><strong><span style=\"color: #ff6600;\">La l\u00e9gitimit\u00e9 de la th\u00e9rapie par le jeu<\/span><\/strong><\/h4>\n<p>La th\u00e9rapie par le jeu existe au Royaume-Uni depuis 1998 et <a href=\"http:\/\/therapieparlejeu.org\/index.php\/a-propos\/\">Play Therapy UK (PTUK)<\/a>\u00a0est devenue aujourd\u2019hui la premi\u00e8re organisation de\u00a0th\u00e9rapie par le jeu dans le pays. Elle promeut activement cette approche\u00a0th\u00e9rapeutique dans le monde \u00e0 travers <a href=\"http:\/\/therapieparlejeu.org\/index.php\/a-propos\/\">Play Therapy International (PTI)<\/a>, et L\u2019Academy of Play and Child Psychotherapy (APAC) qui\u00a0forme des milliers de th\u00e9rapeutes enregistr\u00e9s au sein du Registre britannique des\u00a0Th\u00e9rapeutes par le Jeu et les Arts Cr\u00e9atifs, r\u00e9gul\u00e9 par l\u2019Autorit\u00e9 des Standards<br \/>\nProfessionnels (PSA), l\u2019institution nationale de r\u00e9gulation professionnelle, sous\u00a0l\u2019\u00e9gide du Minist\u00e8re de la Sant\u00e9 Britannique.<\/p>\n<h4><span style=\"color: #ff6600;\"><strong>L\u2019efficacit\u00e9 de la th\u00e9rapie par le jeu<\/strong><\/span><\/h4>\n<p><img decoding=\"async\" loading=\"lazy\" class=\"size-medium wp-image-811 alignleft\" src=\"http:\/\/therapieparlejeu.org\/wp-content\/uploads\/2025\/09\/pt2-300x199.jpg\" alt=\"\" width=\"300\" height=\"199\" srcset=\"https:\/\/therapieparlejeu.org\/wp-content\/uploads\/2025\/09\/pt2-300x199.jpg 300w, https:\/\/therapieparlejeu.org\/wp-content\/uploads\/2025\/09\/pt2-1024x680.jpg 1024w, https:\/\/therapieparlejeu.org\/wp-content\/uploads\/2025\/09\/pt2-768x510.jpg 768w, https:\/\/therapieparlejeu.org\/wp-content\/uploads\/2025\/09\/pt2-1536x1020.jpg 1536w, https:\/\/therapieparlejeu.org\/wp-content\/uploads\/2025\/09\/pt2-2048x1360.jpg 2048w\" sizes=\"(max-width: 300px) 100vw, 300px\" \/>PTUK et PTI sont tr\u00e8s soucieux d\u2019\u00e9valuer l\u2019efficacit\u00e9 th\u00e9rapeutique de cette\u00a0approche. Il existe ainsi des mesures qualitatives et quantitatives de l\u2019impact des\u00a0sessions qui sont r\u00e9guli\u00e8rement collect\u00e9es par les th\u00e9rapeutes et forment aujourd\u2019hui\u00a0la base de donn\u00e9es la plus significative en Europe et dans le monde eu \u00e9gard\u00a0l\u2019\u00e9valuation. Ces donn\u00e9es cliniques rassembl\u00e9es \u00e0 ce jour d\u00e9montrent un changement\u00a0positif (par rapport aux objectifs attendus) chez les enfants qui entrent en th\u00e9rapie\u00a0par le jeu dans plus de 80% des cas. De tr\u00e8s similaires r\u00e9sultats sont recens\u00e9s dans la\u00a0trentaine de pays qui la pratiquent.<\/p>\n<h4><\/h4>\n<h4><strong><span style=\"color: #ff6600;\">Comment devenir Th\u00e9rapeute par le Jeu ?<\/span><\/strong><\/h4>\n<p>Nous proposons pour la premi\u00e8re fois en France, et en langue fran\u00e7aise, cette\u00a0formation en th\u00e9rapie par le jeu telle qu\u2019elle est valid\u00e9e dans le Registre des\u00a0Th\u00e9rapeutes par le Jeu de PTI. La formation permet d\u2019acqu\u00e9rir les connaissances et\u00a0comp\u00e9tences sp\u00e9cifiques pour pratiquer la th\u00e9rapie par le jeu \u00e0 un niveau\u00a0professionnel valid\u00e9, et de faire partie du registre des professionnels r\u00e9glement\u00e9s. Il existe\u00a0deux niveaux\u00a0: <a href=\"http:\/\/therapieparlejeu.org\/index.php\/programme-de-la-formation-en-therapie-par-le-jeu\/\">Niveau 1<\/a> et <a href=\"http:\/\/therapieparlejeu.org\/index.php\/niveau-2\/\">Niveau 2<\/a>.<\/p>\n<p>Au terme du Niveau 1, en cas de r\u00e9ussite, vous obtenez la qualification de Praticien.ne\u00a0en comp\u00e9tences th\u00e9rapeutiques par le jeu.<br \/>\nAu terme du Niveau 2, en cas de r\u00e9ussite, vous obtenez la qualification de Th\u00e9rapeute\u00a0par le Jeu et les Arts Cr\u00e9atifs.<\/p>\n<h4><strong><span style=\"color: #ff6600;\">Ce que cette formation vous apporte\u00a0:<img decoding=\"async\" loading=\"lazy\" class=\"size-medium wp-image-813 alignleft\" src=\"http:\/\/therapieparlejeu.org\/wp-content\/uploads\/2025\/09\/pt5-300x225.jpg\" alt=\"\" width=\"300\" height=\"225\" srcset=\"https:\/\/therapieparlejeu.org\/wp-content\/uploads\/2025\/09\/pt5-300x225.jpg 300w, https:\/\/therapieparlejeu.org\/wp-content\/uploads\/2025\/09\/pt5-768x576.jpg 768w, https:\/\/therapieparlejeu.org\/wp-content\/uploads\/2025\/09\/pt5.jpg 800w\" sizes=\"(max-width: 300px) 100vw, 300px\" \/><\/span><\/strong><\/h4>\n<ul>\n<li>Acqu\u00e9rir les comp\u00e9tences n\u00e9cessaires pour aider les enfants \u00e0 d\u00e9velopper leur\u00a0bien-\u00eatre \u00e9motionnel<\/li>\n<li>Am\u00e9liorer vos comp\u00e9tences professionnelles<\/li>\n<li>\u00c9largir votre patient\u00e8le si vous souhaitez travailler avec des enfants<\/li>\n<li>Accro\u00eetre votre satisfaction \u00e0 travailler avec les enfants<\/li>\n<li>Augmenter votre propre d\u00e9veloppement professionnel<\/li>\n<li>Vous r\u00e9aliser dans une profession enrichissante et gratifiante<\/li>\n<li><\/li>\n<\/ul>\n<h4><strong><span style=\"color: #ff6600;\">\u00c0 qui la formation s\u2019adresse t-elle?<\/span><\/strong><\/h4>\n<p>La formation en th\u00e9rapie par le jeu est destin\u00e9e \u00e0 toute personne qui travaille ou\u00a0souhaite travailler aupr\u00e8s d\u2019enfants et adolescents de fa\u00e7on th\u00e9rapeutique.<br \/>\nCela peut inclure de fa\u00e7on non exhaustive les :<\/p>\n<ul>\n<li>Psychologue scolaire<\/li>\n<li>Psychologue clinique<\/li>\n<li>Psychoth\u00e9rapeute<\/li>\n<li>Psychomotricien.ne<\/li>\n<li>Enseignant.e et assistant.e de classe<\/li>\n<li>Directrice.eur d\u2019\u00e9cole<\/li>\n<li>Assistant.e. social.e<\/li>\n<li>Personnel d\u2019orphelinat, de centre de soins \u00e0 l\u2019enfance<\/li>\n<li>Infirmier.\u00e8re<\/li>\n<li>Personnel d\u2019ONG (organisations non<br \/>\ngouvernementales)<\/li>\n<\/ul>\n<p>\u2026 et bien d\u2019autres<\/p>\n<\/div>\n<\/div>\n<\/div>\n<\/div>\n<\/div>\n<\/section>\n","protected":false},"excerpt":{"rendered":"<p>D\u00e9couvrez ce qu&#8217;est la th\u00e9rapie par le jeu: &nbsp; Qu\u2019est-ce que la th\u00e9rapie par le jeu ? La th\u00e9rapie par le jeu (ludoth\u00e9rapie) utilise le jeu et les arts cr\u00e9atifs comme moyen de communication principal avec l\u2019enfant, afin de lui &hellip; <\/p>\n","protected":false},"author":1,"featured_media":809,"parent":0,"menu_order":0,"comment_status":"closed","ping_status":"closed","template":"","meta":[],"yoast_head":"<!-- This site is optimized with the Yoast SEO plugin v18.0 - https:\/\/yoast.com\/wordpress\/plugins\/seo\/ -->\n<title>Pr\u00e9sentation - Formation Th\u00e9rapie par le jeu France<\/title>\n<meta name=\"robots\" content=\"index, follow, max-snippet:-1, max-image-preview:large, max-video-preview:-1\" \/>\n<link rel=\"canonical\" href=\"http:\/\/therapieparlejeu.org\/index.php\/presentation\/\" \/>\n<meta property=\"og:locale\" content=\"en_US\" \/>\n<meta property=\"og:type\" content=\"article\" \/>\n<meta property=\"og:title\" content=\"Pr\u00e9sentation - Formation Th\u00e9rapie par le jeu France\" \/>\n<meta property=\"og:description\" content=\"D\u00e9couvrez ce qu&#8217;est la th\u00e9rapie par le jeu: &nbsp; Qu\u2019est-ce que la th\u00e9rapie par le jeu ? La th\u00e9rapie par le jeu (ludoth\u00e9rapie) utilise le jeu et les arts cr\u00e9atifs comme moyen de communication principal avec l\u2019enfant, afin de lui &hellip;\" \/>\n<meta property=\"og:url\" content=\"http:\/\/therapieparlejeu.org\/index.php\/presentation\/\" \/>\n<meta property=\"og:site_name\" content=\"Formation Th\u00e9rapie par le jeu France\" \/>\n<meta property=\"article:modified_time\" content=\"2025-09-09T21:09:55+00:00\" \/>\n<meta property=\"og:image\" content=\"http:\/\/therapieparlejeu.org\/wp-content\/uploads\/2025\/09\/pt3.jpg\" \/>\n\t<meta property=\"og:image:width\" content=\"1200\" \/>\n\t<meta property=\"og:image:height\" content=\"500\" \/>\n\t<meta property=\"og:image:type\" content=\"image\/jpeg\" \/>\n<meta name=\"twitter:card\" content=\"summary_large_image\" \/>\n<meta name=\"twitter:label1\" content=\"Est. reading time\" \/>\n\t<meta name=\"twitter:data1\" content=\"5 minutes\" \/>\n<script type=\"application\/ld+json\" class=\"yoast-schema-graph\">{\"@context\":\"https:\/\/schema.org\",\"@graph\":[{\"@type\":\"WebSite\",\"@id\":\"https:\/\/therapieparlejeu.org\/#website\",\"url\":\"https:\/\/therapieparlejeu.org\/\",\"name\":\"Formation Th\u00e9rapie par le jeu France\",\"description\":\"\",\"potentialAction\":[{\"@type\":\"SearchAction\",\"target\":{\"@type\":\"EntryPoint\",\"urlTemplate\":\"https:\/\/therapieparlejeu.org\/?s={search_term_string}\"},\"query-input\":\"required name=search_term_string\"}],\"inLanguage\":\"en-US\"},{\"@type\":\"ImageObject\",\"@id\":\"http:\/\/therapieparlejeu.org\/index.php\/presentation\/#primaryimage\",\"inLanguage\":\"en-US\",\"url\":\"https:\/\/therapieparlejeu.org\/wp-content\/uploads\/2025\/09\/pt3.jpg\",\"contentUrl\":\"https:\/\/therapieparlejeu.org\/wp-content\/uploads\/2025\/09\/pt3.jpg\",\"width\":1200,\"height\":500},{\"@type\":\"WebPage\",\"@id\":\"http:\/\/therapieparlejeu.org\/index.php\/presentation\/#webpage\",\"url\":\"http:\/\/therapieparlejeu.org\/index.php\/presentation\/\",\"name\":\"Pr\u00e9sentation - Formation Th\u00e9rapie par le jeu France\",\"isPartOf\":{\"@id\":\"https:\/\/therapieparlejeu.org\/#website\"},\"primaryImageOfPage\":{\"@id\":\"http:\/\/therapieparlejeu.org\/index.php\/presentation\/#primaryimage\"},\"datePublished\":\"2022-11-25T09:38:00+00:00\",\"dateModified\":\"2025-09-09T21:09:55+00:00\",\"breadcrumb\":{\"@id\":\"http:\/\/therapieparlejeu.org\/index.php\/presentation\/#breadcrumb\"},\"inLanguage\":\"en-US\",\"potentialAction\":[{\"@type\":\"ReadAction\",\"target\":[\"http:\/\/therapieparlejeu.org\/index.php\/presentation\/\"]}]},{\"@type\":\"BreadcrumbList\",\"@id\":\"http:\/\/therapieparlejeu.org\/index.php\/presentation\/#breadcrumb\",\"itemListElement\":[{\"@type\":\"ListItem\",\"position\":1,\"name\":\"Accueil\",\"item\":\"https:\/\/therapieparlejeu.org\/\"},{\"@type\":\"ListItem\",\"position\":2,\"name\":\"Pr\u00e9sentation\"}]}]}<\/script>\n<!-- \/ Yoast SEO plugin. -->","yoast_head_json":{"title":"Pr\u00e9sentation - Formation Th\u00e9rapie par le jeu France","robots":{"index":"index","follow":"follow","max-snippet":"max-snippet:-1","max-image-preview":"max-image-preview:large","max-video-preview":"max-video-preview:-1"},"canonical":"http:\/\/therapieparlejeu.org\/index.php\/presentation\/","og_locale":"en_US","og_type":"article","og_title":"Pr\u00e9sentation - Formation Th\u00e9rapie par le jeu France","og_description":"D\u00e9couvrez ce qu&#8217;est la th\u00e9rapie par le jeu: &nbsp; Qu\u2019est-ce que la th\u00e9rapie par le jeu ? La th\u00e9rapie par le jeu (ludoth\u00e9rapie) utilise le jeu et les arts cr\u00e9atifs comme moyen de communication principal avec l\u2019enfant, afin de lui &hellip;","og_url":"http:\/\/therapieparlejeu.org\/index.php\/presentation\/","og_site_name":"Formation Th\u00e9rapie par le jeu France","article_modified_time":"2025-09-09T21:09:55+00:00","og_image":[{"width":1200,"height":500,"url":"http:\/\/therapieparlejeu.org\/wp-content\/uploads\/2025\/09\/pt3.jpg","type":"image\/jpeg"}],"twitter_card":"summary_large_image","twitter_misc":{"Est. reading time":"5 minutes"},"schema":{"@context":"https:\/\/schema.org","@graph":[{"@type":"WebSite","@id":"https:\/\/therapieparlejeu.org\/#website","url":"https:\/\/therapieparlejeu.org\/","name":"Formation Th\u00e9rapie par le jeu France","description":"","potentialAction":[{"@type":"SearchAction","target":{"@type":"EntryPoint","urlTemplate":"https:\/\/therapieparlejeu.org\/?s={search_term_string}"},"query-input":"required name=search_term_string"}],"inLanguage":"en-US"},{"@type":"ImageObject","@id":"http:\/\/therapieparlejeu.org\/index.php\/presentation\/#primaryimage","inLanguage":"en-US","url":"https:\/\/therapieparlejeu.org\/wp-content\/uploads\/2025\/09\/pt3.jpg","contentUrl":"https:\/\/therapieparlejeu.org\/wp-content\/uploads\/2025\/09\/pt3.jpg","width":1200,"height":500},{"@type":"WebPage","@id":"http:\/\/therapieparlejeu.org\/index.php\/presentation\/#webpage","url":"http:\/\/therapieparlejeu.org\/index.php\/presentation\/","name":"Pr\u00e9sentation - Formation Th\u00e9rapie par le jeu France","isPartOf":{"@id":"https:\/\/therapieparlejeu.org\/#website"},"primaryImageOfPage":{"@id":"http:\/\/therapieparlejeu.org\/index.php\/presentation\/#primaryimage"},"datePublished":"2022-11-25T09:38:00+00:00","dateModified":"2025-09-09T21:09:55+00:00","breadcrumb":{"@id":"http:\/\/therapieparlejeu.org\/index.php\/presentation\/#breadcrumb"},"inLanguage":"en-US","potentialAction":[{"@type":"ReadAction","target":["http:\/\/therapieparlejeu.org\/index.php\/presentation\/"]}]},{"@type":"BreadcrumbList","@id":"http:\/\/therapieparlejeu.org\/index.php\/presentation\/#breadcrumb","itemListElement":[{"@type":"ListItem","position":1,"name":"Accueil","item":"https:\/\/therapieparlejeu.org\/"},{"@type":"ListItem","position":2,"name":"Pr\u00e9sentation"}]}]}},"_links":{"self":[{"href":"https:\/\/therapieparlejeu.org\/index.php\/wp-json\/wp\/v2\/pages\/528"}],"collection":[{"href":"https:\/\/therapieparlejeu.org\/index.php\/wp-json\/wp\/v2\/pages"}],"about":[{"href":"https:\/\/therapieparlejeu.org\/index.php\/wp-json\/wp\/v2\/types\/page"}],"author":[{"embeddable":true,"href":"https:\/\/therapieparlejeu.org\/index.php\/wp-json\/wp\/v2\/users\/1"}],"replies":[{"embeddable":true,"href":"https:\/\/therapieparlejeu.org\/index.php\/wp-json\/wp\/v2\/comments?post=528"}],"version-history":[{"count":21,"href":"https:\/\/therapieparlejeu.org\/index.php\/wp-json\/wp\/v2\/pages\/528\/revisions"}],"predecessor-version":[{"id":832,"href":"https:\/\/therapieparlejeu.org\/index.php\/wp-json\/wp\/v2\/pages\/528\/revisions\/832"}],"wp:featuredmedia":[{"embeddable":true,"href":"https:\/\/therapieparlejeu.org\/index.php\/wp-json\/wp\/v2\/media\/809"}],"wp:attachment":[{"href":"https:\/\/therapieparlejeu.org\/index.php\/wp-json\/wp\/v2\/media?parent=528"}],"curies":[{"name":"wp","href":"https:\/\/api.w.org\/{rel}","templated":true}]}}