{"id":27,"date":"2021-09-29T11:41:18","date_gmt":"2021-09-29T09:41:18","guid":{"rendered":"https:\/\/therapieparlejeu.org\/?page_id=27"},"modified":"2025-09-09T23:11:03","modified_gmt":"2025-09-09T21:11:03","slug":"dates-et-tarifs","status":"publish","type":"page","link":"https:\/\/therapieparlejeu.org\/index.php\/dates-et-tarifs\/","title":{"rendered":"Dates et tarifs"},"content":{"rendered":"\r\n<h3>Niveau 1:<img decoding=\"async\" loading=\"lazy\" class=\" wp-image-213 alignright\" src=\"http:\/\/therapieparlejeu.org\/wp-content\/uploads\/2021\/10\/Calendrier2-3.png\" alt=\"\" width=\"497\" height=\"378\" srcset=\"https:\/\/therapieparlejeu.org\/wp-content\/uploads\/2021\/10\/Calendrier2-3.png 1088w, https:\/\/therapieparlejeu.org\/wp-content\/uploads\/2021\/10\/Calendrier2-3-300x228.png 300w, https:\/\/therapieparlejeu.org\/wp-content\/uploads\/2021\/10\/Calendrier2-3-1024x777.png 1024w, https:\/\/therapieparlejeu.org\/wp-content\/uploads\/2021\/10\/Calendrier2-3-768x583.png 768w\" sizes=\"(max-width: 497px) 100vw, 497px\" \/><\/h3>\r\n\r\n\r\n\r\n\r\n\r\n<p><strong>Formation empirique et th\u00e9orique en pr\u00e9sentiel \u2013 105 heures <\/strong><strong>(sur 5 blocs de 3 jours)<\/strong><\/p>\r\n<p>La pratique professionnelle peut commencer \u00e0 l&#8217;issue de ces 15 jours en pr\u00e9sentiel: en parall\u00e8le de la formation \u00e0 distance, vous devenez Praticien.ne en th\u00e9rapie par le jeu stagiaire.\u00a0<\/p>\r\n<p><strong>Dates 2026:<\/strong><\/p>\r\n<p>15-17 mai<\/p>\r\n<p>29-31 mai<\/p>\r\n<p>12-14 juin<\/p>\r\n<p>19-21 juin<\/p>\r\n<p>3-5 juillet\u00a0<\/p>\r\n<p>(de 9h \u00e0 17h)<\/p>\r\n<p style=\"text-align: center;\"><strong><a href=\"http:\/\/therapieparlejeu.org\/wp-content\/uploads\/2025\/09\/Formulaire-candidature-26.pdf\">Cliquez ici pour t\u00e9l\u00e9charger le formulaire de candidature <\/a><\/strong><\/p>\r\n<p style=\"text-align: center;\">(sans engagement)\u00a0 si vous souhaitez que la recevabilit\u00e9 de votre candidature puisse \u00eatre \u00e9tudi\u00e9e.\u00a0<\/p>\r\n<p><strong>Formation \u00e0 distance:<\/strong><\/p>\r\n\r\n\r\n\r\n\r\n\r\n<p>\u2022 Formation en milieu professionnel \u2013 100 heures de pratique clinique<\/p>\r\n\r\n\r\n\r\n<p>\u2022 Supervision en pr\u00e9sentiel\/distanciel \u2013 18 heures<\/p>\r\n\r\n\r\n\r\n<p>\u2022 Travail acad\u00e9mique en distanciel \u2013 40 heures (8 dissertations \u00e0 soumettre)<\/p>\r\n\r\n\r\n\r\n<p>\u2022 Travail organisationnel et de pr\u00e9paration du portefeuille final en distanciel \u2013 15 heures<\/p>\r\n\r\n\r\n\r\n<h3><span style=\"font-size: 18pt;\">TARIFS :<\/span><\/h3>\r\n\r\n\r\n\r\n<div class=\"page\" title=\"Page 10\">\r\n<div class=\"section\">\r\n<div class=\"layoutArea\">\r\n<div class=\"column\">\r\n<p><strong>2900 Euros (professionnels)<\/strong><\/p>\r\n<p><strong>2300 Euros (particuliers)<\/strong><\/p>\r\n<p><strong>Ce tarif inclut:<\/strong><\/p>\r\n<ul>\r\n<li>Les 15 jours de formation en pr\u00e9sentiel<\/li>\r\n<li>L\u2019e\u0301valuation des dissertations et du portfolio final. Ils ne garantissent pas l\u2019obtention du certificat, celui-ci e\u0301tant conditionne\u0301 aux re\u0301sultats satisfaisants des e\u0301tudes.<\/li>\r\n<\/ul>\r\n<p>Vous be\u0301ne\u0301ficiez d\u2019un paiement e\u0301chelonne\u0301 si le premier paiement est effectue\u0301 a\u0300 partir du 1er de\u0301cembre 2025, la totalite\u0301 du paiement devant e\u0302tre comple\u0301te\u0301 avant le de\u0301but des cours.<\/p>\r\n<p><strong>Ce tarif n&#8217;inclut pas: <\/strong><\/p>\r\n<ul>\r\n<li>L&#8217;adhe\u0301sion annuelle de 70 Euros a\u0300 re\u0301gler directement a\u0300 PTI (Play Therapy International) pour inscription au registre des th\u00e9rapeutes par le jeu. Cette adh\u00e9sion donne \u00e9galement acc\u00e8s aux ressources du d\u00e9veloppement de comp\u00e9tences continu, la r\u00e9ception du magazine Play For Life Journal, ainsi que des tarifs pr\u00e9f\u00e9rentiels pour les conf\u00e9rences et s\u00e9minaires (en langue anglaise).<\/li>\r\n<li>Les frais d\u2019inscription de 150\u20ac \u00e0 l&#8217;organisme de formation Les Consultantes, partenaire de PTI<\/li>\r\n<li>Les cou\u0302ts de supervision de 18 heures minimum (obligatoires pendant le stage).<\/li>\r\n<\/ul>\r\n<\/div>\r\n<\/div>\r\n<\/div>\r\n<\/div>\r\n\r\n\r\n\r\n\r\n\r\n\r\n\r\n\r\n\r\n<h3><span style=\"font-size: 18pt;\">DATES NIVEAU 2: \u00c0 PARTIR DE 2026<\/span><\/h3>\r\n\r\n\r\n\r\n\r\n\r\n\r\n\r\n\r\n\r\n\r\n<hr class=\"wp-block-separator\" \/>\r\n\r\n\r\n<p><strong>Note :<\/strong><\/p>\r\n\r\n\r\n\r\n<p>Il est \u00e0 noter que certains syst\u00e8mes de gestion du travail clinique sont en langue anglaise, d\u00fb \u00e0 la gestion globale par Play Therapy International.<\/p>\r\n\r\n\r\n\r\n<p>Un accompagnement\/traduction sera apport\u00e9 pour chaque \u00e9tudiant.e afin qu\u2019il n\u2019y ait aucun inconv\u00e9nient et obstacle \u00e0 l\u2019accomplissement de la formation.<\/p>\r\n","protected":false},"excerpt":{"rendered":"<p>Niveau 1: Formation empirique et th\u00e9orique en pr\u00e9sentiel \u2013 105 heures (sur 5 blocs de 3 jours) La pratique professionnelle peut commencer \u00e0 l&#8217;issue de ces 15 jours en pr\u00e9sentiel: en parall\u00e8le de la formation \u00e0 distance, vous devenez Praticien.ne &hellip; <\/p>\n","protected":false},"author":1,"featured_media":0,"parent":0,"menu_order":0,"comment_status":"closed","ping_status":"closed","template":"","meta":[],"yoast_head":"<!-- This site is optimized with the Yoast SEO plugin v18.0 - https:\/\/yoast.com\/wordpress\/plugins\/seo\/ -->\n<title>Dates et tarifs - Formation Th\u00e9rapie par le jeu France<\/title>\n<meta name=\"robots\" content=\"index, follow, max-snippet:-1, max-image-preview:large, max-video-preview:-1\" \/>\n<link rel=\"canonical\" href=\"http:\/\/therapieparlejeu.org\/index.php\/dates-et-tarifs\/\" \/>\n<meta property=\"og:locale\" content=\"en_US\" \/>\n<meta property=\"og:type\" content=\"article\" \/>\n<meta property=\"og:title\" content=\"Dates et tarifs - Formation Th\u00e9rapie par le jeu France\" \/>\n<meta property=\"og:description\" content=\"Niveau 1: Formation empirique et th\u00e9orique en pr\u00e9sentiel \u2013 105 heures (sur 5 blocs de 3 jours) La pratique professionnelle peut commencer \u00e0 l&#8217;issue de ces 15 jours en pr\u00e9sentiel: en parall\u00e8le de la formation \u00e0 distance, vous devenez Praticien.ne &hellip;\" \/>\n<meta property=\"og:url\" content=\"http:\/\/therapieparlejeu.org\/index.php\/dates-et-tarifs\/\" \/>\n<meta property=\"og:site_name\" content=\"Formation Th\u00e9rapie par le jeu France\" \/>\n<meta property=\"article:modified_time\" content=\"2025-09-09T21:11:03+00:00\" \/>\n<meta property=\"og:image\" content=\"http:\/\/therapieparlejeu.org\/wp-content\/uploads\/2021\/10\/Calendrier2-3.png\" \/>\n<meta name=\"twitter:card\" content=\"summary_large_image\" \/>\n<meta name=\"twitter:label1\" content=\"Est. reading time\" \/>\n\t<meta name=\"twitter:data1\" content=\"2 minutes\" \/>\n<script type=\"application\/ld+json\" class=\"yoast-schema-graph\">{\"@context\":\"https:\/\/schema.org\",\"@graph\":[{\"@type\":\"WebSite\",\"@id\":\"https:\/\/therapieparlejeu.org\/#website\",\"url\":\"https:\/\/therapieparlejeu.org\/\",\"name\":\"Formation Th\u00e9rapie par le jeu France\",\"description\":\"\",\"potentialAction\":[{\"@type\":\"SearchAction\",\"target\":{\"@type\":\"EntryPoint\",\"urlTemplate\":\"https:\/\/therapieparlejeu.org\/?s={search_term_string}\"},\"query-input\":\"required name=search_term_string\"}],\"inLanguage\":\"en-US\"},{\"@type\":\"ImageObject\",\"@id\":\"http:\/\/therapieparlejeu.org\/index.php\/dates-et-tarifs\/#primaryimage\",\"inLanguage\":\"en-US\",\"url\":\"http:\/\/therapieparlejeu.org\/wp-content\/uploads\/2021\/10\/Calendrier2-3.png\",\"contentUrl\":\"http:\/\/therapieparlejeu.org\/wp-content\/uploads\/2021\/10\/Calendrier2-3.png\"},{\"@type\":\"WebPage\",\"@id\":\"http:\/\/therapieparlejeu.org\/index.php\/dates-et-tarifs\/#webpage\",\"url\":\"http:\/\/therapieparlejeu.org\/index.php\/dates-et-tarifs\/\",\"name\":\"Dates et tarifs - Formation Th\u00e9rapie par le jeu France\",\"isPartOf\":{\"@id\":\"https:\/\/therapieparlejeu.org\/#website\"},\"primaryImageOfPage\":{\"@id\":\"http:\/\/therapieparlejeu.org\/index.php\/dates-et-tarifs\/#primaryimage\"},\"datePublished\":\"2021-09-29T09:41:18+00:00\",\"dateModified\":\"2025-09-09T21:11:03+00:00\",\"breadcrumb\":{\"@id\":\"http:\/\/therapieparlejeu.org\/index.php\/dates-et-tarifs\/#breadcrumb\"},\"inLanguage\":\"en-US\",\"potentialAction\":[{\"@type\":\"ReadAction\",\"target\":[\"http:\/\/therapieparlejeu.org\/index.php\/dates-et-tarifs\/\"]}]},{\"@type\":\"BreadcrumbList\",\"@id\":\"http:\/\/therapieparlejeu.org\/index.php\/dates-et-tarifs\/#breadcrumb\",\"itemListElement\":[{\"@type\":\"ListItem\",\"position\":1,\"name\":\"Accueil\",\"item\":\"https:\/\/therapieparlejeu.org\/\"},{\"@type\":\"ListItem\",\"position\":2,\"name\":\"Dates et tarifs\"}]}]}<\/script>\n<!-- \/ Yoast SEO plugin. -->","yoast_head_json":{"title":"Dates et tarifs - Formation Th\u00e9rapie par le jeu France","robots":{"index":"index","follow":"follow","max-snippet":"max-snippet:-1","max-image-preview":"max-image-preview:large","max-video-preview":"max-video-preview:-1"},"canonical":"http:\/\/therapieparlejeu.org\/index.php\/dates-et-tarifs\/","og_locale":"en_US","og_type":"article","og_title":"Dates et tarifs - Formation Th\u00e9rapie par le jeu France","og_description":"Niveau 1: Formation empirique et th\u00e9orique en pr\u00e9sentiel \u2013 105 heures (sur 5 blocs de 3 jours) La pratique professionnelle peut commencer \u00e0 l&#8217;issue de ces 15 jours en pr\u00e9sentiel: en parall\u00e8le de la formation \u00e0 distance, vous devenez Praticien.ne &hellip;","og_url":"http:\/\/therapieparlejeu.org\/index.php\/dates-et-tarifs\/","og_site_name":"Formation Th\u00e9rapie par le jeu France","article_modified_time":"2025-09-09T21:11:03+00:00","og_image":[{"url":"http:\/\/therapieparlejeu.org\/wp-content\/uploads\/2021\/10\/Calendrier2-3.png"}],"twitter_card":"summary_large_image","twitter_misc":{"Est. reading time":"2 minutes"},"schema":{"@context":"https:\/\/schema.org","@graph":[{"@type":"WebSite","@id":"https:\/\/therapieparlejeu.org\/#website","url":"https:\/\/therapieparlejeu.org\/","name":"Formation Th\u00e9rapie par le jeu France","description":"","potentialAction":[{"@type":"SearchAction","target":{"@type":"EntryPoint","urlTemplate":"https:\/\/therapieparlejeu.org\/?s={search_term_string}"},"query-input":"required name=search_term_string"}],"inLanguage":"en-US"},{"@type":"ImageObject","@id":"http:\/\/therapieparlejeu.org\/index.php\/dates-et-tarifs\/#primaryimage","inLanguage":"en-US","url":"http:\/\/therapieparlejeu.org\/wp-content\/uploads\/2021\/10\/Calendrier2-3.png","contentUrl":"http:\/\/therapieparlejeu.org\/wp-content\/uploads\/2021\/10\/Calendrier2-3.png"},{"@type":"WebPage","@id":"http:\/\/therapieparlejeu.org\/index.php\/dates-et-tarifs\/#webpage","url":"http:\/\/therapieparlejeu.org\/index.php\/dates-et-tarifs\/","name":"Dates et tarifs - Formation Th\u00e9rapie par le jeu France","isPartOf":{"@id":"https:\/\/therapieparlejeu.org\/#website"},"primaryImageOfPage":{"@id":"http:\/\/therapieparlejeu.org\/index.php\/dates-et-tarifs\/#primaryimage"},"datePublished":"2021-09-29T09:41:18+00:00","dateModified":"2025-09-09T21:11:03+00:00","breadcrumb":{"@id":"http:\/\/therapieparlejeu.org\/index.php\/dates-et-tarifs\/#breadcrumb"},"inLanguage":"en-US","potentialAction":[{"@type":"ReadAction","target":["http:\/\/therapieparlejeu.org\/index.php\/dates-et-tarifs\/"]}]},{"@type":"BreadcrumbList","@id":"http:\/\/therapieparlejeu.org\/index.php\/dates-et-tarifs\/#breadcrumb","itemListElement":[{"@type":"ListItem","position":1,"name":"Accueil","item":"https:\/\/therapieparlejeu.org\/"},{"@type":"ListItem","position":2,"name":"Dates et tarifs"}]}]}},"_links":{"self":[{"href":"https:\/\/therapieparlejeu.org\/index.php\/wp-json\/wp\/v2\/pages\/27"}],"collection":[{"href":"https:\/\/therapieparlejeu.org\/index.php\/wp-json\/wp\/v2\/pages"}],"about":[{"href":"https:\/\/therapieparlejeu.org\/index.php\/wp-json\/wp\/v2\/types\/page"}],"author":[{"embeddable":true,"href":"https:\/\/therapieparlejeu.org\/index.php\/wp-json\/wp\/v2\/users\/1"}],"replies":[{"embeddable":true,"href":"https:\/\/therapieparlejeu.org\/index.php\/wp-json\/wp\/v2\/comments?post=27"}],"version-history":[{"count":33,"href":"https:\/\/therapieparlejeu.org\/index.php\/wp-json\/wp\/v2\/pages\/27\/revisions"}],"predecessor-version":[{"id":833,"href":"https:\/\/therapieparlejeu.org\/index.php\/wp-json\/wp\/v2\/pages\/27\/revisions\/833"}],"wp:attachment":[{"href":"https:\/\/therapieparlejeu.org\/index.php\/wp-json\/wp\/v2\/media?parent=27"}],"curies":[{"name":"wp","href":"https:\/\/api.w.org\/{rel}","templated":true}]}}