{"id":23,"date":"2021-09-29T11:34:31","date_gmt":"2021-09-29T09:34:31","guid":{"rendered":"https:\/\/therapieparlejeu.org\/?page_id=23"},"modified":"2025-09-09T23:09:24","modified_gmt":"2025-09-09T21:09:24","slug":"a-propos","status":"publish","type":"page","link":"https:\/\/therapieparlejeu.org\/index.php\/a-propos\/","title":{"rendered":"\u00c0 propos"},"content":{"rendered":"<h4><\/h4>\n<h3><strong>\u00c0 propos de th\u00e9rapie par le jeu France :<\/strong><\/h3>\n<p>&nbsp;<\/p>\n<p><strong style=\"color: var( --e-global-color-text ); font-family: var( --e-global-typography-text-font-family ), Sans-serif;\"><a href=\"https:\/\/playtherapy.org.uk\">Play Therapy UK (PTUK)<\/a><a href=\"https:\/\/playtherapy.org.uk\"><img decoding=\"async\" loading=\"lazy\" class=\"alignleft wp-image-264\" src=\"http:\/\/therapieparlejeu.org\/wp-content\/uploads\/2022\/01\/Capture-de\u0301cran-2022-01-31-a\u0300-15.43.39.png\" alt=\"\" width=\"130\" height=\"95\" srcset=\"https:\/\/therapieparlejeu.org\/wp-content\/uploads\/2022\/01\/Capture-de\u0301cran-2022-01-31-a\u0300-15.43.39.png 338w, https:\/\/therapieparlejeu.org\/wp-content\/uploads\/2022\/01\/Capture-de\u0301cran-2022-01-31-a\u0300-15.43.39-300x218.png 300w\" sizes=\"(max-width: 130px) 100vw, 130px\" \/><\/a>\u00a0<\/strong>est la principale organisation qui r\u00e8glemente la th\u00e9rapie par le jeu au Royaume-Uni. Elle r\u00e9git le Registre des th\u00e9rapeutes par le jeu et les arts cr\u00e9atifs avec le processus de revalidation de ses membres et accr\u00e9dite les formations en assurant les standards professionnels requis. Elle poss\u00e8de la plus grande base de donn\u00e9es en Europe d\u00e9montrant l\u2019efficacit\u00e9 de l\u2019approche en termes d\u2019impact th\u00e9rapeutique sur le d\u00e9veloppement \u00e9motionnel des enfants.<\/p>\n<p><a href=\"https:\/\/playtherapy.org\"><strong style=\"color: var( --e-global-color-text ); font-family: var( --e-global-typography-text-font-family ), Sans-serif;\"><img decoding=\"async\" loading=\"lazy\" class=\"alignleft wp-image-265\" src=\"http:\/\/therapieparlejeu.org\/wp-content\/uploads\/2022\/01\/Capture-de\u0301cran-2022-01-31-a\u0300-15.43.19.png\" alt=\"\" width=\"130\" height=\"105\" \/><\/strong><\/a><\/p>\n<p><a href=\"https:\/\/playtherapy.org\"><strong style=\"color: var( --e-global-color-text ); font-family: var( --e-global-typography-text-font-family ), Sans-serif;\">Play Therapy International (PTI)<\/strong><\/a>\u00a0est la branche internationale de PTUK qui promeut et d\u00e9veloppe la th\u00e9rapie par le jeu dans le monde afin de permettre aux enfants d\u2019atteindre leur potentiel optimal pour un d\u00e9veloppement \u00e9motionnel harmonieux et \u00e9quilibr\u00e9. La Th\u00e9rapie par le Jeu au standard PTUK est pr\u00e9sente dans plus de 30 pays.<\/p>\n<p>&nbsp;<\/p>\n<p><strong style=\"color: var( --e-global-color-text ); font-family: var( --e-global-typography-text-font-family ), Sans-serif;\"><img decoding=\"async\" loading=\"lazy\" class=\"alignleft wp-image-499\" src=\"http:\/\/therapieparlejeu.org\/wp-content\/uploads\/2022\/11\/IMG_6295.jpeg\" alt=\"\" width=\"130\" height=\"130\" srcset=\"https:\/\/therapieparlejeu.org\/wp-content\/uploads\/2022\/11\/IMG_6295.jpeg 1937w, https:\/\/therapieparlejeu.org\/wp-content\/uploads\/2022\/11\/IMG_6295-300x300.jpeg 300w, https:\/\/therapieparlejeu.org\/wp-content\/uploads\/2022\/11\/IMG_6295-1024x1024.jpeg 1024w, https:\/\/therapieparlejeu.org\/wp-content\/uploads\/2022\/11\/IMG_6295-150x150.jpeg 150w, https:\/\/therapieparlejeu.org\/wp-content\/uploads\/2022\/11\/IMG_6295-768x768.jpeg 768w, https:\/\/therapieparlejeu.org\/wp-content\/uploads\/2022\/11\/IMG_6295-1536x1536.jpeg 1536w, https:\/\/therapieparlejeu.org\/wp-content\/uploads\/2022\/11\/IMG_6295-186x185.jpeg 186w, https:\/\/therapieparlejeu.org\/wp-content\/uploads\/2022\/11\/IMG_6295-220x220.jpeg 220w, https:\/\/therapieparlejeu.org\/wp-content\/uploads\/2022\/11\/IMG_6295-60x60.jpeg 60w\" sizes=\"(max-width: 130px) 100vw, 130px\" \/>La formatrice<\/strong> est Mme Wailee Crapper, Psychoth\u00e9rapeute, Superviseure clinicienne et Formatrice accr\u00e9dit\u00e9e par PTUK et PTI. Elle est \u00e9galement une praticienne de la m\u00e9thode DIR\/Floortime \u00a9 (ICDL-US) sp\u00e9cialis\u00e9e dans les interventions aupr\u00e8s d\u2019enfants pr\u00e9sentant des troubles neuro-d\u00e9veloppementaux (dont l\u2019autisme). Elle est dipl\u00f4m\u00e9e des pratiques du Baby Bonding et du Parent-Child Attachment Play (BTLTUK) qui travaillent sur la relation parent-enfant. Elle poss\u00e8de une vaste exp\u00e9rience de plus de 17 ans aupr\u00e8s d\u2019enfants et de familles de contexte socio-\u00e9conomique et culturel vari\u00e9, ainsi qu\u2019en lien avec des \u00e9coles internationales, h\u00f4pitaux et organisations de d\u00e9veloppement international et ONG.<\/p>\n<p>&nbsp;<\/p>\n<p><img decoding=\"async\" class=\"alignnone size-full wp-image-820\" src=\"http:\/\/therapieparlejeu.org\/wp-content\/uploads\/2025\/09\/idclo.tif\" alt=\"\" \/><img decoding=\"async\" loading=\"lazy\" class=\"alignleft wp-image-821\" src=\"http:\/\/therapieparlejeu.org\/wp-content\/uploads\/2025\/09\/idclo-copie-254x300.jpg\" alt=\"\" width=\"130\" height=\"154\" srcset=\"https:\/\/therapieparlejeu.org\/wp-content\/uploads\/2025\/09\/idclo-copie-254x300.jpg 254w, https:\/\/therapieparlejeu.org\/wp-content\/uploads\/2025\/09\/idclo-copie-768x909.jpg 768w, https:\/\/therapieparlejeu.org\/wp-content\/uploads\/2025\/09\/idclo-copie.jpg 797w\" sizes=\"(max-width: 130px) 100vw, 130px\" \/> <strong>L&#8217;organisme de formation<\/strong> Les Consultantes est partenaire accr\u00e9dit\u00e9 de PTI. Le parcours de sa fondatrice, Clotilde Merritt, m\u00eale expertise p\u00e9dagogique, exp\u00e9rience entrepreneuriale et accompagnement en entreprise, pour apporter en France la richesse de la th\u00e9rapie par le jeu. L&#8217;organisme de formation respecte ainsi les exigences l\u00e9gales et p\u00e9dagogiques fran\u00e7aises, garantissant des programmes conformes aux standards nationaux tout en s\u2019appuyant sur l\u2019expertise internationale de la th\u00e9rapie par le jeu.<\/p>\n","protected":false},"excerpt":{"rendered":"<p>\u00c0 propos de th\u00e9rapie par le jeu France : &nbsp; Play Therapy UK (PTUK)\u00a0est la principale organisation qui r\u00e8glemente la th\u00e9rapie par le jeu au Royaume-Uni. Elle r\u00e9git le Registre des th\u00e9rapeutes par le jeu et les arts cr\u00e9atifs avec &hellip; <\/p>\n","protected":false},"author":1,"featured_media":267,"parent":0,"menu_order":0,"comment_status":"closed","ping_status":"closed","template":"elementor_theme","meta":[],"yoast_head":"<!-- This site is optimized with the Yoast SEO plugin v18.0 - https:\/\/yoast.com\/wordpress\/plugins\/seo\/ -->\n<title>\u00c0 propos - Formation Th\u00e9rapie par le jeu France<\/title>\n<meta name=\"robots\" content=\"index, follow, max-snippet:-1, max-image-preview:large, max-video-preview:-1\" \/>\n<link rel=\"canonical\" href=\"http:\/\/therapieparlejeu.org\/index.php\/a-propos\/\" \/>\n<meta property=\"og:locale\" content=\"en_US\" \/>\n<meta property=\"og:type\" content=\"article\" \/>\n<meta property=\"og:title\" content=\"\u00c0 propos - Formation Th\u00e9rapie par le jeu France\" \/>\n<meta property=\"og:description\" content=\"\u00c0 propos de th\u00e9rapie par le jeu France : &nbsp; Play Therapy UK (PTUK)\u00a0est la principale organisation qui r\u00e8glemente la th\u00e9rapie par le jeu au Royaume-Uni. Elle r\u00e9git le Registre des th\u00e9rapeutes par le jeu et les arts cr\u00e9atifs avec &hellip;\" \/>\n<meta property=\"og:url\" content=\"http:\/\/therapieparlejeu.org\/index.php\/a-propos\/\" \/>\n<meta property=\"og:site_name\" content=\"Formation Th\u00e9rapie par le jeu France\" \/>\n<meta property=\"article:modified_time\" content=\"2025-09-09T21:09:24+00:00\" \/>\n<meta property=\"og:image\" content=\"http:\/\/therapieparlejeu.org\/wp-content\/uploads\/2022\/01\/wailee.jpeg\" \/>\n\t<meta property=\"og:image:width\" content=\"1280\" \/>\n\t<meta property=\"og:image:height\" content=\"855\" \/>\n\t<meta property=\"og:image:type\" content=\"image\/jpeg\" \/>\n<meta name=\"twitter:card\" content=\"summary_large_image\" \/>\n<meta name=\"twitter:label1\" content=\"Est. reading time\" \/>\n\t<meta name=\"twitter:data1\" content=\"3 minutes\" \/>\n<script type=\"application\/ld+json\" class=\"yoast-schema-graph\">{\"@context\":\"https:\/\/schema.org\",\"@graph\":[{\"@type\":\"WebSite\",\"@id\":\"https:\/\/therapieparlejeu.org\/#website\",\"url\":\"https:\/\/therapieparlejeu.org\/\",\"name\":\"Formation Th\u00e9rapie par le jeu France\",\"description\":\"\",\"potentialAction\":[{\"@type\":\"SearchAction\",\"target\":{\"@type\":\"EntryPoint\",\"urlTemplate\":\"https:\/\/therapieparlejeu.org\/?s={search_term_string}\"},\"query-input\":\"required name=search_term_string\"}],\"inLanguage\":\"en-US\"},{\"@type\":\"ImageObject\",\"@id\":\"http:\/\/therapieparlejeu.org\/index.php\/a-propos\/#primaryimage\",\"inLanguage\":\"en-US\",\"url\":\"https:\/\/therapieparlejeu.org\/wp-content\/uploads\/2022\/01\/wailee.jpeg\",\"contentUrl\":\"https:\/\/therapieparlejeu.org\/wp-content\/uploads\/2022\/01\/wailee.jpeg\",\"width\":1280,\"height\":855},{\"@type\":\"WebPage\",\"@id\":\"http:\/\/therapieparlejeu.org\/index.php\/a-propos\/#webpage\",\"url\":\"http:\/\/therapieparlejeu.org\/index.php\/a-propos\/\",\"name\":\"\u00c0 propos - Formation Th\u00e9rapie par le jeu France\",\"isPartOf\":{\"@id\":\"https:\/\/therapieparlejeu.org\/#website\"},\"primaryImageOfPage\":{\"@id\":\"http:\/\/therapieparlejeu.org\/index.php\/a-propos\/#primaryimage\"},\"datePublished\":\"2021-09-29T09:34:31+00:00\",\"dateModified\":\"2025-09-09T21:09:24+00:00\",\"breadcrumb\":{\"@id\":\"http:\/\/therapieparlejeu.org\/index.php\/a-propos\/#breadcrumb\"},\"inLanguage\":\"en-US\",\"potentialAction\":[{\"@type\":\"ReadAction\",\"target\":[\"http:\/\/therapieparlejeu.org\/index.php\/a-propos\/\"]}]},{\"@type\":\"BreadcrumbList\",\"@id\":\"http:\/\/therapieparlejeu.org\/index.php\/a-propos\/#breadcrumb\",\"itemListElement\":[{\"@type\":\"ListItem\",\"position\":1,\"name\":\"Accueil\",\"item\":\"https:\/\/therapieparlejeu.org\/\"},{\"@type\":\"ListItem\",\"position\":2,\"name\":\"\u00c0 propos\"}]}]}<\/script>\n<!-- \/ Yoast SEO plugin. -->","yoast_head_json":{"title":"\u00c0 propos - Formation Th\u00e9rapie par le jeu France","robots":{"index":"index","follow":"follow","max-snippet":"max-snippet:-1","max-image-preview":"max-image-preview:large","max-video-preview":"max-video-preview:-1"},"canonical":"http:\/\/therapieparlejeu.org\/index.php\/a-propos\/","og_locale":"en_US","og_type":"article","og_title":"\u00c0 propos - Formation Th\u00e9rapie par le jeu France","og_description":"\u00c0 propos de th\u00e9rapie par le jeu France : &nbsp; Play Therapy UK (PTUK)\u00a0est la principale organisation qui r\u00e8glemente la th\u00e9rapie par le jeu au Royaume-Uni. Elle r\u00e9git le Registre des th\u00e9rapeutes par le jeu et les arts cr\u00e9atifs avec &hellip;","og_url":"http:\/\/therapieparlejeu.org\/index.php\/a-propos\/","og_site_name":"Formation Th\u00e9rapie par le jeu France","article_modified_time":"2025-09-09T21:09:24+00:00","og_image":[{"width":1280,"height":855,"url":"http:\/\/therapieparlejeu.org\/wp-content\/uploads\/2022\/01\/wailee.jpeg","type":"image\/jpeg"}],"twitter_card":"summary_large_image","twitter_misc":{"Est. reading time":"3 minutes"},"schema":{"@context":"https:\/\/schema.org","@graph":[{"@type":"WebSite","@id":"https:\/\/therapieparlejeu.org\/#website","url":"https:\/\/therapieparlejeu.org\/","name":"Formation Th\u00e9rapie par le jeu France","description":"","potentialAction":[{"@type":"SearchAction","target":{"@type":"EntryPoint","urlTemplate":"https:\/\/therapieparlejeu.org\/?s={search_term_string}"},"query-input":"required name=search_term_string"}],"inLanguage":"en-US"},{"@type":"ImageObject","@id":"http:\/\/therapieparlejeu.org\/index.php\/a-propos\/#primaryimage","inLanguage":"en-US","url":"https:\/\/therapieparlejeu.org\/wp-content\/uploads\/2022\/01\/wailee.jpeg","contentUrl":"https:\/\/therapieparlejeu.org\/wp-content\/uploads\/2022\/01\/wailee.jpeg","width":1280,"height":855},{"@type":"WebPage","@id":"http:\/\/therapieparlejeu.org\/index.php\/a-propos\/#webpage","url":"http:\/\/therapieparlejeu.org\/index.php\/a-propos\/","name":"\u00c0 propos - Formation Th\u00e9rapie par le jeu France","isPartOf":{"@id":"https:\/\/therapieparlejeu.org\/#website"},"primaryImageOfPage":{"@id":"http:\/\/therapieparlejeu.org\/index.php\/a-propos\/#primaryimage"},"datePublished":"2021-09-29T09:34:31+00:00","dateModified":"2025-09-09T21:09:24+00:00","breadcrumb":{"@id":"http:\/\/therapieparlejeu.org\/index.php\/a-propos\/#breadcrumb"},"inLanguage":"en-US","potentialAction":[{"@type":"ReadAction","target":["http:\/\/therapieparlejeu.org\/index.php\/a-propos\/"]}]},{"@type":"BreadcrumbList","@id":"http:\/\/therapieparlejeu.org\/index.php\/a-propos\/#breadcrumb","itemListElement":[{"@type":"ListItem","position":1,"name":"Accueil","item":"https:\/\/therapieparlejeu.org\/"},{"@type":"ListItem","position":2,"name":"\u00c0 propos"}]}]}},"_links":{"self":[{"href":"https:\/\/therapieparlejeu.org\/index.php\/wp-json\/wp\/v2\/pages\/23"}],"collection":[{"href":"https:\/\/therapieparlejeu.org\/index.php\/wp-json\/wp\/v2\/pages"}],"about":[{"href":"https:\/\/therapieparlejeu.org\/index.php\/wp-json\/wp\/v2\/types\/page"}],"author":[{"embeddable":true,"href":"https:\/\/therapieparlejeu.org\/index.php\/wp-json\/wp\/v2\/users\/1"}],"replies":[{"embeddable":true,"href":"https:\/\/therapieparlejeu.org\/index.php\/wp-json\/wp\/v2\/comments?post=23"}],"version-history":[{"count":33,"href":"https:\/\/therapieparlejeu.org\/index.php\/wp-json\/wp\/v2\/pages\/23\/revisions"}],"predecessor-version":[{"id":830,"href":"https:\/\/therapieparlejeu.org\/index.php\/wp-json\/wp\/v2\/pages\/23\/revisions\/830"}],"wp:featuredmedia":[{"embeddable":true,"href":"https:\/\/therapieparlejeu.org\/index.php\/wp-json\/wp\/v2\/media\/267"}],"wp:attachment":[{"href":"https:\/\/therapieparlejeu.org\/index.php\/wp-json\/wp\/v2\/media?parent=23"}],"curies":[{"name":"wp","href":"https:\/\/api.w.org\/{rel}","templated":true}]}}